{"id":2384,"date":"2024-11-04T19:47:20","date_gmt":"2024-11-04T19:47:20","guid":{"rendered":"https:\/\/pregwin.at\/?page_id=2384"},"modified":"2024-11-21T13:40:15","modified_gmt":"2024-11-21T13:40:15","slug":"impressum","status":"publish","type":"page","link":"https:\/\/pregwin.at\/en\/impressum\/","title":{"rendered":"Imprint"},"content":{"rendered":"<div data-elementor-type=\"wp-page\" data-elementor-id=\"2384\" class=\"elementor elementor-2384\" data-elementor-post-type=\"page\">\n\t\t\t\t\t\t<section class=\"elementor-section elementor-top-section elementor-element elementor-element-97e9b39 elementor-section-height-min-height elementor-section-boxed elementor-section-height-default elementor-section-items-middle wpr-particle-no wpr-jarallax-no wpr-parallax-no wpr-sticky-section-no\" data-id=\"97e9b39\" data-element_type=\"section\" data-settings=\"{&quot;background_background&quot;:&quot;classic&quot;}\">\n\t\t\t\t\t\t<div class=\"elementor-container elementor-column-gap-default\">\n\t\t\t\t\t<div class=\"elementor-column elementor-col-50 elementor-top-column elementor-element elementor-element-f3adb5c\" data-id=\"f3adb5c\" data-element_type=\"column\">\n\t\t\t<div class=\"elementor-widget-wrap elementor-element-populated\">\n\t\t\t\t\t\t<div class=\"elementor-element elementor-element-82de003 elementor-hidden-desktop elementor-hidden-tablet elementor-widget elementor-widget-image\" data-id=\"82de003\" data-element_type=\"widget\" data-widget_type=\"image.default\">\n\t\t\t\t<div class=\"elementor-widget-container\">\n\t\t\t\t\t\t\t\t\t\t\t\t\t\t\t<img fetchpriority=\"high\" decoding=\"async\" width=\"960\" height=\"945\" src=\"https:\/\/pregwin.at\/wp-content\/uploads\/2023\/08\/Frau-am-Fenster_web-1-e1694444552163-1024x1008.png\" class=\"attachment-large size-large wp-image-620\" alt=\"\" srcset=\"https:\/\/pregwin.at\/wp-content\/uploads\/2023\/08\/Frau-am-Fenster_web-1-e1694444552163-1024x1008.png 1024w, https:\/\/pregwin.at\/wp-content\/uploads\/2023\/08\/Frau-am-Fenster_web-1-e1694444552163-300x295.png 300w, https:\/\/pregwin.at\/wp-content\/uploads\/2023\/08\/Frau-am-Fenster_web-1-e1694444552163-768x756.png 768w, https:\/\/pregwin.at\/wp-content\/uploads\/2023\/08\/Frau-am-Fenster_web-1-e1694444552163-1536x1512.png 1536w, https:\/\/pregwin.at\/wp-content\/uploads\/2023\/08\/Frau-am-Fenster_web-1-e1694444552163.png 1824w\" sizes=\"(max-width: 960px) 100vw, 960px\" \/>\t\t\t\t\t\t\t\t\t\t\t\t\t\t\t<\/div>\n\t\t\t\t<\/div>\n\t\t\t\t<div class=\"elementor-element elementor-element-5be2e26 elementor-widget elementor-widget-heading\" data-id=\"5be2e26\" data-element_type=\"widget\" data-widget_type=\"heading.default\">\n\t\t\t\t<div class=\"elementor-widget-container\">\n\t\t\t\t\t<h1 class=\"elementor-heading-title elementor-size-default\">Imprint <br> &amp; Datenschutz<\/h1>\t\t\t\t<\/div>\n\t\t\t\t<\/div>\n\t\t\t\t<div class=\"elementor-element elementor-element-8760102 elementor-align-left elementor-widget elementor-widget-button\" data-id=\"8760102\" data-element_type=\"widget\" data-widget_type=\"button.default\">\n\t\t\t\t<div class=\"elementor-widget-container\">\n\t\t\t\t\t\t\t\t\t<div class=\"elementor-button-wrapper\">\n\t\t\t\t\t<a class=\"elementor-button elementor-button-link elementor-size-sm\" href=\"#impressum\">\n\t\t\t\t\t\t<span class=\"elementor-button-content-wrapper\">\n\t\t\t\t\t\t<span class=\"elementor-button-icon\">\n\t\t\t\t<svg aria-hidden=\"true\" class=\"e-font-icon-svg e-fas-angle-down\" viewbox=\"0 0 320 512\" xmlns=\"http:\/\/www.w3.org\/2000\/svg\"><path d=\"M143 352.3L7 216.3c-9.4-9.4-9.4-24.6 0-33.9l22.6-22.6c9.4-9.4 24.6-9.4 33.9 0l96.4 96.4 96.4-96.4c9.4-9.4 24.6-9.4 33.9 0l22.6 22.6c9.4 9.4 9.4 24.6 0 33.9l-136 136c-9.2 9.4-24.4 9.4-33.8 0z\"><\/path><\/svg>\t\t\t<\/span>\n\t\t\t\t\t\t\t\t\t<span class=\"elementor-button-text\">Learn more<\/span>\n\t\t\t\t\t<\/span>\n\t\t\t\t\t<\/a>\n\t\t\t\t<\/div>\n\t\t\t\t\t\t\t\t<\/div>\n\t\t\t\t<\/div>\n\t\t\t\t\t<\/div>\n\t\t<\/div>\n\t\t\t\t<div class=\"elementor-column elementor-col-50 elementor-top-column elementor-element elementor-element-113dda5\" data-id=\"113dda5\" data-element_type=\"column\">\n\t\t\t<div class=\"elementor-widget-wrap elementor-element-populated\">\n\t\t\t\t\t\t<div class=\"elementor-element elementor-element-9e28d41 elementor-hidden-mobile elementor-widget elementor-widget-image\" data-id=\"9e28d41\" data-element_type=\"widget\" data-widget_type=\"image.default\">\n\t\t\t\t<div class=\"elementor-widget-container\">\n\t\t\t\t\t\t\t\t\t\t\t\t\t\t\t<img fetchpriority=\"high\" decoding=\"async\" width=\"960\" height=\"945\" src=\"https:\/\/pregwin.at\/wp-content\/uploads\/2023\/08\/Frau-am-Fenster_web-1-e1694444552163-1024x1008.png\" class=\"attachment-large size-large wp-image-620\" alt=\"\" srcset=\"https:\/\/pregwin.at\/wp-content\/uploads\/2023\/08\/Frau-am-Fenster_web-1-e1694444552163-1024x1008.png 1024w, https:\/\/pregwin.at\/wp-content\/uploads\/2023\/08\/Frau-am-Fenster_web-1-e1694444552163-300x295.png 300w, https:\/\/pregwin.at\/wp-content\/uploads\/2023\/08\/Frau-am-Fenster_web-1-e1694444552163-768x756.png 768w, https:\/\/pregwin.at\/wp-content\/uploads\/2023\/08\/Frau-am-Fenster_web-1-e1694444552163-1536x1512.png 1536w, https:\/\/pregwin.at\/wp-content\/uploads\/2023\/08\/Frau-am-Fenster_web-1-e1694444552163.png 1824w\" sizes=\"(max-width: 960px) 100vw, 960px\" \/>\t\t\t\t\t\t\t\t\t\t\t\t\t\t\t<\/div>\n\t\t\t\t<\/div>\n\t\t\t\t\t<\/div>\n\t\t<\/div>\n\t\t\t\t\t<\/div>\n\t\t<\/section>\n\t\t\t\t<section class=\"elementor-section elementor-top-section elementor-element elementor-element-f8f0fc9 elementor-section-boxed elementor-section-height-default elementor-section-height-default wpr-particle-no wpr-jarallax-no wpr-parallax-no wpr-sticky-section-no\" data-id=\"f8f0fc9\" data-element_type=\"section\">\n\t\t\t\t\t\t<div class=\"elementor-container elementor-column-gap-default\">\n\t\t\t\t\t<div class=\"elementor-column elementor-col-100 elementor-top-column elementor-element elementor-element-a105cbf\" data-id=\"a105cbf\" data-element_type=\"column\">\n\t\t\t<div class=\"elementor-widget-wrap elementor-element-populated\">\n\t\t\t\t\t\t<div class=\"elementor-element elementor-element-0a79e8a elementor-widget elementor-widget-heading\" data-id=\"0a79e8a\" data-element_type=\"widget\" id=\"impressum\" data-widget_type=\"heading.default\">\n\t\t\t\t<div class=\"elementor-widget-container\">\n\t\t\t\t\t<h2 class=\"elementor-heading-title elementor-size-default\">Imprint<\/h2>\t\t\t\t<\/div>\n\t\t\t\t<\/div>\n\t\t\t\t<div class=\"elementor-element elementor-element-e35bf82 elementor-widget elementor-widget-text-editor\" data-id=\"e35bf82\" data-element_type=\"widget\" data-widget_type=\"text-editor.default\">\n\t\t\t\t<div class=\"elementor-widget-container\">\n\t\t\t\t\t\t\t\t\t<p><strong>Media owner, publisher, content and editorial responsibility<\/strong><br \/>Medical University of Graz<br \/>Neue Stiftingtalstra\u00dfe 6<br \/>A-8010 Graz<br \/>rektor@medunigraz.at<br \/><a href=\"https:\/\/www.medunigraz.at\/\">www.medunigraz.at<\/a><\/p><p><strong>Legal form and information<\/strong><br \/>Legal entity under public law pursuant to \u00a7 4 Universities Act 2002 (UG 2002), Federal Law Gazette I No. 120\/2002 as amended. DVR: 210 9494, UID: ATU57511179<\/p><p><strong>Design and implementation<br \/><\/strong>ellan.design<\/p><p><strong>Technical support<br \/><\/strong>The technical support of the web server is provided by the University Clinic for Gynaecology and Obstetrics of the Medical University of Graz. In the event of problems, enquiries or suggestions of a technical nature, please send your e-mails to <span style=\"text-decoration: underline;\">pregwin@medunigraz.at<\/span><\/p><p><strong>Liability<\/strong><br \/>All texts on the homepage of the Medical University of Graz have been carefully checked. Nevertheless, no guarantee can be given for the correctness, completeness and up-to-dateness of the information or content, neither self-formulated nor quoted, nor for any damage that may result from the use of the information. Liability on the part of the Medical University of Graz is therefore excluded.<\/p><p>The links to external websites have been carefully selected. Since the Medical University of Graz has no control over and no influence on the content of these external websites, the Medical University of Graz accepts no responsibility for the content of such linked websites or for their topicality, accuracy, completeness or legal conformity.<\/p><p>The Medical University of Graz reserves the right to change, supplement or delete the contents of its website in whole or in part at any time. The Medical University of Graz accepts no responsibility for any consequences resulting from this.<\/p><p><strong>Supervisory authority of the Medical University of Graz<\/strong><br \/>Federal Ministry of Education, Science and Research<\/p><p><strong>Copyright<\/strong><br \/>Contents (texts, images, graphics, etc.) are published on the website, the rights of use and copyrights of which are held by the Medical University of Graz or the respective authors. No changes may be made to this content.<br \/>Downloads and copies in electronic or printed form - of this page are only permitted for private, non-commercial use, provided the source (source: Medical University of Graz) is acknowledged.<\/p>\t\t\t\t\t\t\t\t<\/div>\n\t\t\t\t<\/div>\n\t\t\t\t\t<\/div>\n\t\t<\/div>\n\t\t\t\t\t<\/div>\n\t\t<\/section>\n\t\t\t\t<section class=\"elementor-section elementor-top-section elementor-element elementor-element-3e25f58 elementor-section-boxed elementor-section-height-default elementor-section-height-default wpr-particle-no wpr-jarallax-no wpr-parallax-no wpr-sticky-section-no\" data-id=\"3e25f58\" data-element_type=\"section\">\n\t\t\t\t\t\t<div class=\"elementor-container elementor-column-gap-default\">\n\t\t\t\t\t<div class=\"elementor-column elementor-col-100 elementor-top-column elementor-element elementor-element-5d9a56f\" data-id=\"5d9a56f\" data-element_type=\"column\">\n\t\t\t<div class=\"elementor-widget-wrap elementor-element-populated\">\n\t\t\t\t\t\t<div class=\"elementor-element elementor-element-50ff026 elementor-widget elementor-widget-heading\" data-id=\"50ff026\" data-element_type=\"widget\" id=\"datenschutz\" data-widget_type=\"heading.default\">\n\t\t\t\t<div class=\"elementor-widget-container\">\n\t\t\t\t\t<h2 class=\"elementor-heading-title elementor-size-default\">Privacy policy<\/h2>\t\t\t\t<\/div>\n\t\t\t\t<\/div>\n\t\t\t\t<div class=\"elementor-element elementor-element-9856df2 elementor-widget elementor-widget-text-editor\" data-id=\"9856df2\" data-element_type=\"widget\" data-widget_type=\"text-editor.default\">\n\t\t\t\t<div class=\"elementor-widget-container\">\n\t\t\t\t\t\t\t\t\t<p>We attach great importance to the protection of your privacy. We collect and use the personal data of our users exclusively on the basis of the statutory provisions on data protection and data security, in particular in accordance with the Austrian Data Protection Act (DSG), the European General Data Protection Regulation (GDPR) and the Telecommunications Act (TKG 2021). This privacy policy informs you about how we handle information that is collected during your visit to our website and how it is used. This includes:<\/p><p><strong>Automatically collected user data<\/strong><br \/>Each time our website is accessed, our system automatically collects data and information from the computer system of the accessing computer. The following data is collected:<\/p><ul><li>IP address<\/li><li>Browser type and version used<\/li><li>Date and time of access<\/li><li>Internet service provider of the user<\/li><li>Operating system of the user<\/li><li>Websites\/URL from which the user's system accesses our website<\/li><li>Websites that are accessed by the user's system via our website<\/li><li><p>Error log files<\/p><\/li><\/ul><p>This data cannot be assigned to specific persons. We do not merge this data with other data sources. The information is used to improve the attractiveness, content and functionality of our website. It is used for statistical purposes only and is anonymous. We do not use or pass this data on to other parties.<\/p><p><strong>Cookies<\/strong><br \/>Our website uses so-called technically necessary cookies, which are required for the operation and basic functions of the website. Cookies are small files that are temporarily stored on your hard drive. These cookies enable us to provide you with certain functions, such as making our website available in the language of your choice. Cookies do not contain any personal data, so your privacy is protected.<\/p><p>Most internet browsers accept cookies by default. However, you can adjust your browser settings so that cookies are generally rejected or you are notified when cookies are to be saved. Please note, however, that deactivating cookies in individual cases can lead to restrictions in the range of functions.<\/p><p><strong>Rights for website users<\/strong><br \/>If your personal data is processed, you are the data subject and have various rights against the controller. A detailed list can be found on the Medical University of Graz website: <a href=\"https:\/\/www.medunigraz.at\/datenschutzerklaerung\">https:\/\/www.medunigraz.at\/datenschutzerklaerung<\/a>. Some rights are listed below:<\/p><p><span style=\"text-decoration: underline;\">Right to information, cancellation, blocking<\/span><\/p><p>If you have any questions about the processing of your data, you can contact us directly at datenschutz@medunigraz.at. On request, we will inform you in writing in accordance with the applicable law whether and which personal data we have stored about you. In addition to the right to free information about your stored personal data, origin and purpose of the data processing, you have a right to correction, blocking or deletion.<\/p><p><span style=\"text-decoration: underline;\">Right to lodge a complaint with a supervisory authority<\/span><\/p><p>Under Article 78 of the GDPR, you have the right to file a complaint with the competent supervisory authority. In Austria, this is the Data Protection Authority (<a href=\"https:\/\/www.dsb.gv.at\">https:\/\/www.dsb.gv.at<\/a>).<\/p>\t\t\t\t\t\t\t\t<\/div>\n\t\t\t\t<\/div>\n\t\t\t\t\t<\/div>\n\t\t<\/div>\n\t\t\t\t\t<\/div>\n\t\t<\/section>\n\t\t\t\t<section class=\"elementor-section elementor-top-section elementor-element elementor-element-d09d8bb elementor-section-boxed elementor-section-height-default elementor-section-height-default wpr-particle-no wpr-jarallax-no wpr-parallax-no wpr-sticky-section-no\" data-id=\"d09d8bb\" data-element_type=\"section\">\n\t\t\t\t\t\t<div class=\"elementor-container elementor-column-gap-default\">\n\t\t\t\t\t<div class=\"elementor-column elementor-col-100 elementor-top-column elementor-element elementor-element-6d087b8\" data-id=\"6d087b8\" data-element_type=\"column\">\n\t\t\t<div class=\"elementor-widget-wrap elementor-element-populated\">\n\t\t\t\t\t\t<div class=\"elementor-element elementor-element-6cd141a elementor-widget elementor-widget-heading\" data-id=\"6cd141a\" data-element_type=\"widget\" data-widget_type=\"heading.default\">\n\t\t\t\t<div class=\"elementor-widget-container\">\n\t\t\t\t\t<h2 class=\"elementor-heading-title elementor-size-default\">Disclosure pursuant to \u00a7 25 Media Act, Federal Law Gazette I No. 214\/1981 as amended.\nMedia owner Medical University of Graz, Neue Stiftingtalstra\u00dfe 6, A-8010 Graz, corporate purpose: in accordance with the definition of tasks in \u00a7 3 UG 2002\n<\/h2>\t\t\t\t<\/div>\n\t\t\t\t<\/div>\n\t\t\t\t<div class=\"elementor-element elementor-element-9b5c793 elementor-widget elementor-widget-text-editor\" data-id=\"9b5c793\" data-element_type=\"widget\" data-widget_type=\"text-editor.default\">\n\t\t\t\t<div class=\"elementor-widget-container\">\n\t\t\t\t\t\t\t\t\t<p>Medical University of Graz, Neue Stiftingtalstra\u00dfe 6, A-8010 Graz<br \/>Corporate purpose: in accordance with the definition of tasks in \u00a7 3 UG 2002<\/p>\t\t\t\t\t\t\t\t<\/div>\n\t\t\t\t<\/div>\n\t\t\t\t\t<\/div>\n\t\t<\/div>\n\t\t\t\t\t<\/div>\n\t\t<\/section>\n\t\t\t\t<\/div>","protected":false},"excerpt":{"rendered":"<p>Impressum &#038; Datenschutz Mehr erfahren Impressum Medieninhaber, Herausgeber, inhaltliche und redaktionelle VerantwortungMedizinische Universit\u00e4t GrazNeue Stiftingtalstra\u00dfe 6A-8010 Grazrektor@medunigraz.atwww.medunigraz.at Rechtsform und InformationJuristische Person \u00f6ffentlichen Rechts gem\u00e4\u00df \u00a7 4 Universit\u00e4tsgesetz 2002 (UG 2002), BGBl. I Nr. 120\/2002 idgF. DVR: 210 9494, UID: ATU57511179 Design und Umsetzungellan.design Technischer SupportDie technische Betreuung des Web-Servers erfolgt durch die Universit\u00e4tsklinik f\u00fcr Frauenheilkunde und Geburtshilfe der Medizinische Universit\u00e4t Graz. In Problemf\u00e4llen sowie bei Anfragen bzw. Anregungen technischer Art richten Sie Ihre E-Mails an pregwin@medunigraz.at HaftungS\u00e4mtliche Texte auf der Homepage der Medizinischen Universit\u00e4t Graz wurden sorgf\u00e4ltig gepr\u00fcft. Dessen ungeachtet kann keine Garantie f\u00fcr die Richtigkeit, Vollst\u00e4ndigkeit und Aktualit\u00e4t der Angaben bzw. Inhalte, weder selbst formulierte noch zitierte, noch f\u00fcr allf\u00e4llige Sch\u00e4den, die aus der Verwendung der Informationen resultieren k\u00f6nnten, \u00fcbernommen werden. Eine Haftung der Medizinischen Universit\u00e4t Graz wird daher ausgeschlossen. Die Links zu externen Webseiten wurden sorgf\u00e4ltig ausgew\u00e4hlt. Da die Medizinische Universit\u00e4t Graz keinerlei Kontrolle \u00fcber und auch keinen Einfluss auf die Inhalte dieser externen Webseiten hat, \u00fcbernimmt die Medizinische Universit\u00e4t Graz f\u00fcr den Inhalt von solchen verlinkten Webseiten sowie f\u00fcr deren Aktualit\u00e4t, Richtigkeit, Vollst\u00e4ndigkeit sowie Gesetzeskonformit\u00e4t keine Verantwortung. Die Medizinische Universit\u00e4t Graz beh\u00e4lt es sich vor, die Inhalte Ihrer Webseite jederzeit zu \u00e4ndern, zu erg\u00e4nzen, ganz oder teilweise zu l\u00f6schen. F\u00fcr allenfalls daraus resultierende Konsequenzen \u00fcbernimmt die Medizinische Universit\u00e4t Graz keinerlei Verantwortung. Aufsichtsbeh\u00f6rde der Medizinischen Universit\u00e4t GrazBundesministerium f\u00fcr Bildung, Wissenschaft und Forschung CopyrightAuf der Webseite werden Inhalte (Texte, Bilder, Grafiken, etc.) ver\u00f6ffentlicht, deren Nutzungs- bzw. Urheberrechte bei der Medizinischen Universit\u00e4t Graz bzw. den jeweiligen Autor*innen liegen. \u00c4nderungen daran d\u00fcrfen nicht vorgenommen werden.Downloads und Kopien in elektronischer oder ausgedruckter Form &#8211; dieser Seite sind nur f\u00fcr den privaten, nicht kommerziellen Gebrauch unter Angabe der Quelle (Quelle: Medizinische Universit\u00e4t Graz) gestattet. Datenschutz Auf den Schutz Ihrer Privatsph\u00e4re legen wir gro\u00dfen Wert. Wir erheben und verwenden personenbezogene Daten unserer Nutzer*innen ausschlie\u00dflich auf Grundlage der gesetzlichen Bestimmungen zum Datenschutz und der Datensicherheit, insbesondere nach dem \u00f6sterreichischen Datenschutzgesetz (DSG), der europ\u00e4ischen Datenschutzgrundverordnung (DSGVO) sowie nach dem Telekommunikationsgesetz (TKG 2021). Diese Datenschutzerkl\u00e4rung informiert Sie dar\u00fcber, wie wir mit Information umgehen, die w\u00e4hrend Ihres Besuchs auf unserer Website gesammelt wird, und wie sie verwendet wird. Dies beinhaltet: Automatisch erhobene Nutzer*innendatenBei jedem Aufruf unserer Internetseite erfasst unser System automatisiert Daten und Informationen vom Computersystem des aufrufenden Rechners. Folgende Daten werden hierbei erhoben: IP-Adresse Browsertyp und verwendete Version Datum und Uhrzeit des Zugriffs Internet-Service-Provider des*der Nutzers*Nutzerin Betriebssystem des*der Nutzers*Nutzerin Websites\/URL von denen das System des*der Nutzers*Nutzerin auf unsere Internetseite gelangt Websites, die vom System der*des Nutzerin*Nutzers \u00fcber unsere Website aufgerufen werden Error-Logfiles Diese Daten sind nicht bestimmten Personen zuordenbar. Wir f\u00fchren diese Daten nicht mit anderen Datenquellen zusammen. Die Informationen werden verwendet, um die Attraktivit\u00e4t, den Inhalt und die Funktionalit\u00e4t unserer Website zu verbessern. Sie dient lediglich statistischen Zwecken und sind anonym. Wir verwenden oder geben diese Daten nicht an andere Parteien weiter. CookiesUnsere Website verwendet sogenannte technisch notwendige Cookies, die f\u00fcr den Betrieb und die grundlegenden Funktionen der Website erforderlich sind. Cookies sind kleine Dateien, die tempor\u00e4r auf Ihrer Festplatte gespeichert werden. Diese Cookies erm\u00f6glichen es uns, Ihnen bestimmte Funktionen zur Verf\u00fcgung zu stellen, wie etwa die Bereitstellung unserer Website in der von Ihnen gew\u00e4hlten Sprache. Cookies enthalten keine personenbezogenen Daten, sodass der Schutz Ihrer Privatsph\u00e4re gew\u00e4hrleistet ist. Die meisten Internetbrowser akzeptieren Cookies standardm\u00e4\u00dfig. Sie k\u00f6nnen Ihre Browser-Einstellungen jedoch so anpassen, dass Cookies generell abgelehnt werden oder Sie benachrichtigt werden, wenn Cookies gespeichert werden sollen. Beachten Sie jedoch, dass das Deaktivieren der Cookies im Einzelfall zu Einschr\u00e4nkungen des Funktionsumfangs f\u00fchren kann. Rechte f\u00fcr Websitenutzer*innenWerden personenbezogene Daten von Ihnen verarbeitet, sind Sie Betroffene*r und es stehen Ihnen diverse Rechte gegen\u00fcber dem Verantwortlichen zu. Eine detaillierte Aufstellung finden Sie auf der Seite der Med Uni Graz: https:\/\/www.medunigraz.at\/datenschutzerklaerung. Einige Rechte sind nachfolgend angef\u00fchrt: Recht auf Auskunft, L\u00f6schung, Sperrung Bei Fragen zur Verarbeitung Ihrer Daten k\u00f6nnen Sie sich direkt unter datenschutz@medunigraz.at an uns wenden. Auf Anforderung teilen wir Ihnen schriftlich entsprechend dem geltenden Recht mit, ob und welche pers\u00f6nlichen Daten \u00fcber Sie bei uns gespeichert sind. Neben dem Recht auf unentgeltliche Auskunft \u00fcber Ihre gespeicherten personenbezogenen Daten, Herkunft und Zweck der Datenverarbeitung haben Sie ein Recht auf Berichtigung, Sperrung oder L\u00f6schung. Recht auf Beschwerde bei einer Aufsichtsbeh\u00f6rde Gem\u00e4\u00df Artikel 78 DSGVO haben Sie das Recht, eine Beschwerde bei der zust\u00e4ndigen Aufsichtsbeh\u00f6rde einzureichen. In \u00d6sterreich ist dies die Datenschutzbeh\u00f6rde (https:\/\/www.dsb.gv.at). Offenlegung gem\u00e4\u00df \u00a7 25 Mediengesetz, BGBl. I Nr. 214\/1981 idgF. Medieninhaberin Medizinische Universit\u00e4t Graz, Neue Stiftingtalstra\u00dfe 6, A-8010 Graz, Unternehmensgegenstand: gem\u00e4\u00df Aufgabendefinition in \u00a7 3 UG 2002 Medizinische Universit\u00e4t Graz, Neue Stiftingtalstra\u00dfe 6, A-8010 GrazUnternehmensgegenstand: gem\u00e4\u00df Aufgabendefinition in \u00a7 3 UG 2002<\/p>","protected":false},"author":3,"featured_media":0,"parent":0,"menu_order":0,"comment_status":"closed","ping_status":"closed","template":"","meta":{"footnotes":""},"class_list":["post-2384","page","type-page","status-publish","hentry"],"_links":{"self":[{"href":"https:\/\/pregwin.at\/en\/wp-json\/wp\/v2\/pages\/2384","targetHints":{"allow":["GET"]}}],"collection":[{"href":"https:\/\/pregwin.at\/en\/wp-json\/wp\/v2\/pages"}],"about":[{"href":"https:\/\/pregwin.at\/en\/wp-json\/wp\/v2\/types\/page"}],"author":[{"embeddable":true,"href":"https:\/\/pregwin.at\/en\/wp-json\/wp\/v2\/users\/3"}],"replies":[{"embeddable":true,"href":"https:\/\/pregwin.at\/en\/wp-json\/wp\/v2\/comments?post=2384"}],"version-history":[{"count":10,"href":"https:\/\/pregwin.at\/en\/wp-json\/wp\/v2\/pages\/2384\/revisions"}],"predecessor-version":[{"id":2726,"href":"https:\/\/pregwin.at\/en\/wp-json\/wp\/v2\/pages\/2384\/revisions\/2726"}],"wp:attachment":[{"href":"https:\/\/pregwin.at\/en\/wp-json\/wp\/v2\/media?parent=2384"}],"curies":[{"name":"wp","href":"https:\/\/api.w.org\/{rel}","templated":true}]}}